{"id":3,"date":"2023-01-20T13:29:17","date_gmt":"2023-01-20T13:29:17","guid":{"rendered":"https:\/\/dimabot.com\/?page_id=3"},"modified":"2023-02-25T17:09:53","modified_gmt":"2023-02-25T17:09:53","slug":"privacy-policy","status":"publish","type":"page","link":"https:\/\/dimabot.com\/index.php\/privacy-policy\/","title":{"rendered":"Politique de confidentialit\u00e9"},"content":{"rendered":"\n<p>Cette politique de confidentialit\u00e9 d\u00e9crit les informations personnelles que nous,\u00a0DIMABOT,\u00a0collectons \u00e0 votre sujet, pourquoi nous les collectons, comment nous les utilisons, et lorsque nous les partageons avec des tiers ou des fournisseurs de services non affili\u00e9s.<\/p>\n\n\n\n<p>Cette politique de confidentialit\u00e9 couvre notre site web\u00a0dimabot.com\u00a0et nos services et applications mobiles associ\u00e9s. Notre politique d\u00e9crit \u00e9galement les choix que vous pouvez faire quant \u00e0 la mani\u00e8re dont nous collectons et utilisons vos informations.<\/p>\n\n\n\n<h1 class=\"wp-block-heading\">Notre politique<\/h1>\n\n\n\n<p>Si nos pratiques en mati\u00e8re d&#8217;information changent, nous publierons une politique mise \u00e0 jour sur notre site Web. Vous pouvez savoir si la politique a chang\u00e9 en v\u00e9rifiant la date de \u00ab derni\u00e8re mise \u00e0 jour \u00bb qui appara\u00eet ci-dessus. Si vous n&#8217;acceptez pas les nouvelles conditions, vous devez cesser d&#8217;utiliser nos sites Web\/applications mobiles ou de nous fournir des informations de toute autre mani\u00e8re.<\/p>\n\n\n\n<p>Si vous avez des questions concernant notre politique de confidentialit\u00e9, veuillez nous contacter comme d\u00e9crit dans la section intitul\u00e9e \u00ab contactez nous ?\u00a0\u00bb disponible dans le bas de page.<\/p>\n\n\n\n<h1 class=\"wp-block-heading\">Quelles informations recueillons-nous sur vous ?<\/h1>\n\n\n\n<p>Nous collectons des informations personnelles directement aupr\u00e8s de vous. Les types d&#8217;informations que nous pouvons collecter incluent votre nom, votre adresse e-mail, votre adresse postale, votre num\u00e9ro de t\u00e9l\u00e9phone, votre carte de cr\u00e9dit ou d&#8217;autres informations de paiement, votre \u00e2ge, votre emplacement et toute autre information que vous choisissez de fournir. Nous collectons \u00e9galement automatiquement des informations vous concernant, notamment&nbsp;:<\/p>\n\n\n\n<ul>\n<li>Informations transactionnelles&nbsp;: lorsque vous effectuez un achat ou un retour, nous collectons des informations sur la transaction, telles que les d\u00e9tails du produit, le prix d&#8217;achat et la date de la transaction.<\/li>\n\n\n\n<li>Informations de connexion&nbsp;: nous collectons des informations relatives \u00e0 votre acc\u00e8s et \u00e0 votre utilisation de notre site Web, y compris le type de navigateur que vous utilisez, les temps d&#8217;acc\u00e8s, les pages consult\u00e9es, votre adresse IP et la page que vous avez consult\u00e9e avant de naviguer sur notre site Web.<\/li>\n\n\n\n<li>Informations sur l&#8217;appareil&nbsp;: nous recueillons des informations sur l&#8217;ordinateur ou l&#8217;appareil mobile que vous utilisez pour acc\u00e9der \u00e0 notre site Web, y compris le mod\u00e8le mat\u00e9riel, le syst\u00e8me d&#8217;exploitation et la version, les identifiants uniques de l&#8217;appareil et les informations sur le r\u00e9seau mobile.<\/li>\n\n\n\n<li>Informations sur l&#8217;emplacement&nbsp;: nous pouvons d\u00e9river l&#8217;emplacement approximatif de votre appareil \u00e0 partir de votre adresse IP. Nous pouvons \u00e9galement collecter des informations de g\u00e9olocalisation \u00e0 partir de votre appareil conform\u00e9ment aux param\u00e8tres de votre appareil.<\/li>\n\n\n\n<li>Informations de paiement\u00a0: lorsque vous effectuez un achat, nous pouvons collecter des identifiants tels que votre nom complet et votre adresse de facturation en rapport avec votre achat. Notre Site est h\u00e9berg\u00e9 sur Hostinger, un fournisseur de services tiers. Apr\u00e8s avoir pass\u00e9 une commande sur notre site Web, vous devrez effectuer le paiement des biens ou services que vous avez command\u00e9s. Nous partageons vos informations personnelles avec des tiers qui traitent les transactions par carte de paiement en notre nom. Nos processeurs de paiement tiers collectent, utilisent et traitent vos informations, y compris les informations de paiement, conform\u00e9ment \u00e0 leurs politiques de confidentialit\u00e9. Vous pouvez acc\u00e9der \u00e0 leurs politiques de confidentialit\u00e9 via leur propre site Web<\/li>\n\n\n\n<li>Informations collect\u00e9es par les cookies et les technologies de suivi similaires&nbsp;: nous pouvons utiliser des outils de suivi tels que les cookies de navigateur, les cookies flash, les pixels et les balises Web. Veuillez consulter \u00ab&nbsp;Comment utilisons-nous les cookies de navigateur et mobiles et d&#8217;autres technologies de suivi&nbsp;?&nbsp;\u00bb pour plus d&#8217;informations.<\/li>\n<\/ul>\n\n\n\n<h1 class=\"wp-block-heading\">Comment recueillons-nous des informations ?<\/h1>\n\n\n\n<p>Nous collectons des informations directement aupr\u00e8s de vous, notamment :<\/p>\n\n\n\n<ul>\n<li>Si vous cr\u00e9ez un compte chez nous<\/li>\n\n\n\n<li>Dans le cadre d&#8217;un achat en ligne<\/li>\n\n\n\n<li>Si vous t\u00e9l\u00e9chargez ou partagez une photo ou un autre contenu num\u00e9rique via l&#8217;un de nos sites Web ou applications mobiles, ou partagez du contenu li\u00e9 \u00e0 l&#8217;une de nos plateformes de m\u00e9dias sociaux<\/li>\n\n\n\n<li>Si vous vous inscrivez \u00e0 notre programme de fid\u00e9lit\u00e9<\/li>\n\n\n\n<li>Si vous participez \u00e0 un concours ou \u00e0 une promotion<\/li>\n\n\n\n<li>Si vous nous contactez par e-mail ou via notre service client<\/li>\n\n\n\n<li>Dans le cadre de vos interactions avec notre soci\u00e9t\u00e9<\/li>\n\n\n\n<li>Dans le cadre de vos interactions avec nous en tant qu&#8217;utilisateur enregistr\u00e9 de notre site Web ou de notre application mobile<\/li>\n<\/ul>\n\n\n\n<h1 class=\"wp-block-heading\">Comment utilisons-nous les cookies et autres technologies de suivi ?<\/h1>\n\n\n\n<p>Nos sites Web utilisent les cookies et autres technologies de suivi r\u00e9pertori\u00e9s ci-dessous, pour vous permettre de faire des achats sur nos sites Web et peuvent \u00eatre utilis\u00e9s de diverses mani\u00e8res pour am\u00e9liorer ou personnaliser votre exp\u00e9rience de navigation et d&#8217;achat en ligne. Les cookies, pixels invisibles et autres technologies de suivi nous aident \u00e0 mieux comprendre vos besoins et pr\u00e9f\u00e9rences d&#8217;achat, nous indiquent les parties de notre site Web que vous avez visit\u00e9es, facilitent et mesurent l&#8217;efficacit\u00e9 de notre publicit\u00e9, et fournissent des services et des exp\u00e9riences coh\u00e9rents et personnalis\u00e9s.<\/p>\n\n\n\n<p>Vous pouvez param\u00e9trer votre navigateur pour qu&#8217;il n&#8217;accepte pas les cookies ou qu&#8217;il vous avertisse lorsqu&#8217;un cookie vous est envoy\u00e9, vous donnant ainsi la possibilit\u00e9 de d\u00e9cider de l&#8217;accepter ou non. Cependant, si vous n&#8217;acceptez pas les cookies, vous ne pourrez peut-\u00eatre pas acc\u00e9der aux informations de votre compte ou effectuer des achats sur nos sites Web.<\/p>\n\n\n\n<h1 class=\"wp-block-heading\">Comment nous contacter?<\/h1>\n\n\n\n<p>Pour toute question concernant notre politique de confidentialit\u00e9, vous pouvez nous contacter par e-mail, \u00e0\u00a0contact@dimabot.com.<\/p>\n","protected":false},"excerpt":{"rendered":"<p>Cette politique de confidentialit\u00e9 d\u00e9crit les informations personnelles que nous,\u00a0DIMABOT,\u00a0collectons \u00e0 votre sujet, pourquoi nous les collectons, comment nous les utilisons, et lorsque nous les partageons avec des tiers ou des fournisseurs de services non affili\u00e9s. Cette politique de confidentialit\u00e9 couvre notre site web\u00a0dimabot.com\u00a0et nos services et applications mobiles associ\u00e9s. Notre politique d\u00e9crit \u00e9galement les [&hellip;]<\/p>\n","protected":false},"author":1,"featured_media":0,"parent":0,"menu_order":0,"comment_status":"closed","ping_status":"closed","template":"","meta":{"footnotes":""},"yoast_head":"<!-- This site is optimized with the Yoast SEO plugin v23.5 - https:\/\/yoast.com\/wordpress\/plugins\/seo\/ -->\n<title>Politique de confidentialit\u00e9 - dimabot<\/title>\n<meta name=\"robots\" content=\"index, follow, max-snippet:-1, max-image-preview:large, max-video-preview:-1\" \/>\n<link rel=\"canonical\" href=\"https:\/\/dimabot.com\/index.php\/privacy-policy\/\" \/>\n<meta property=\"og:locale\" content=\"fr_FR\" \/>\n<meta property=\"og:type\" content=\"article\" \/>\n<meta property=\"og:title\" content=\"Politique de confidentialit\u00e9 - dimabot\" \/>\n<meta property=\"og:description\" content=\"Cette politique de confidentialit\u00e9 d\u00e9crit les informations personnelles que nous,\u00a0DIMABOT,\u00a0collectons \u00e0 votre sujet, pourquoi nous les collectons, comment nous les utilisons, et lorsque nous les partageons avec des tiers ou des fournisseurs de services non affili\u00e9s. Cette politique de confidentialit\u00e9 couvre notre site web\u00a0dimabot.com\u00a0et nos services et applications mobiles associ\u00e9s. Notre politique d\u00e9crit \u00e9galement les [&hellip;]\" \/>\n<meta property=\"og:url\" content=\"https:\/\/dimabot.com\/index.php\/privacy-policy\/\" \/>\n<meta property=\"og:site_name\" content=\"dimabot\" \/>\n<meta property=\"article:publisher\" content=\"https:\/\/www.facebook.com\/profile.php?id=100054576573954&amp;mibextid=LQQJ4d\" \/>\n<meta property=\"article:modified_time\" content=\"2023-02-25T17:09:53+00:00\" \/>\n<meta name=\"twitter:card\" content=\"summary_large_image\" \/>\n<meta name=\"twitter:label1\" content=\"Dur\u00e9e de lecture estim\u00e9e\" \/>\n\t<meta name=\"twitter:data1\" content=\"5 minutes\" \/>\n<script type=\"application\/ld+json\" class=\"yoast-schema-graph\">{\"@context\":\"https:\/\/schema.org\",\"@graph\":[{\"@type\":\"WebPage\",\"@id\":\"https:\/\/dimabot.com\/index.php\/privacy-policy\/\",\"url\":\"https:\/\/dimabot.com\/index.php\/privacy-policy\/\",\"name\":\"Politique de confidentialit\u00e9 - dimabot\",\"isPartOf\":{\"@id\":\"https:\/\/dimabot.com\/#website\"},\"datePublished\":\"2023-01-20T13:29:17+00:00\",\"dateModified\":\"2023-02-25T17:09:53+00:00\",\"breadcrumb\":{\"@id\":\"https:\/\/dimabot.com\/index.php\/privacy-policy\/#breadcrumb\"},\"inLanguage\":\"fr-FR\",\"potentialAction\":[{\"@type\":\"ReadAction\",\"target\":[\"https:\/\/dimabot.com\/index.php\/privacy-policy\/\"]}]},{\"@type\":\"BreadcrumbList\",\"@id\":\"https:\/\/dimabot.com\/index.php\/privacy-policy\/#breadcrumb\",\"itemListElement\":[{\"@type\":\"ListItem\",\"position\":1,\"name\":\"Accueil\",\"item\":\"https:\/\/dimabot.com\/\"},{\"@type\":\"ListItem\",\"position\":2,\"name\":\"Politique de confidentialit\u00e9\"}]},{\"@type\":\"WebSite\",\"@id\":\"https:\/\/dimabot.com\/#website\",\"url\":\"https:\/\/dimabot.com\/\",\"name\":\"dimabot\",\"description\":\"\",\"publisher\":{\"@id\":\"https:\/\/dimabot.com\/#organization\"},\"potentialAction\":[{\"@type\":\"SearchAction\",\"target\":{\"@type\":\"EntryPoint\",\"urlTemplate\":\"https:\/\/dimabot.com\/?s={search_term_string}\"},\"query-input\":{\"@type\":\"PropertyValueSpecification\",\"valueRequired\":true,\"valueName\":\"search_term_string\"}}],\"inLanguage\":\"fr-FR\"},{\"@type\":\"Organization\",\"@id\":\"https:\/\/dimabot.com\/#organization\",\"name\":\"dimabot\",\"url\":\"https:\/\/dimabot.com\/\",\"logo\":{\"@type\":\"ImageObject\",\"inLanguage\":\"fr-FR\",\"@id\":\"https:\/\/dimabot.com\/#\/schema\/logo\/image\/\",\"url\":\"https:\/\/dimabot.com\/wp-content\/uploads\/2023\/01\/cropped-logo-dimabot-small-1.png\",\"contentUrl\":\"https:\/\/dimabot.com\/wp-content\/uploads\/2023\/01\/cropped-logo-dimabot-small-1.png\",\"width\":327,\"height\":61,\"caption\":\"dimabot\"},\"image\":{\"@id\":\"https:\/\/dimabot.com\/#\/schema\/logo\/image\/\"},\"sameAs\":[\"https:\/\/www.facebook.com\/profile.php?id=100054576573954&mibextid=LQQJ4d\"]}]}<\/script>\n<!-- \/ Yoast SEO plugin. -->","yoast_head_json":{"title":"Politique de confidentialit\u00e9 - dimabot","robots":{"index":"index","follow":"follow","max-snippet":"max-snippet:-1","max-image-preview":"max-image-preview:large","max-video-preview":"max-video-preview:-1"},"canonical":"https:\/\/dimabot.com\/index.php\/privacy-policy\/","og_locale":"fr_FR","og_type":"article","og_title":"Politique de confidentialit\u00e9 - dimabot","og_description":"Cette politique de confidentialit\u00e9 d\u00e9crit les informations personnelles que nous,\u00a0DIMABOT,\u00a0collectons \u00e0 votre sujet, pourquoi nous les collectons, comment nous les utilisons, et lorsque nous les partageons avec des tiers ou des fournisseurs de services non affili\u00e9s. Cette politique de confidentialit\u00e9 couvre notre site web\u00a0dimabot.com\u00a0et nos services et applications mobiles associ\u00e9s. Notre politique d\u00e9crit \u00e9galement les [&hellip;]","og_url":"https:\/\/dimabot.com\/index.php\/privacy-policy\/","og_site_name":"dimabot","article_publisher":"https:\/\/www.facebook.com\/profile.php?id=100054576573954&mibextid=LQQJ4d","article_modified_time":"2023-02-25T17:09:53+00:00","twitter_card":"summary_large_image","twitter_misc":{"Dur\u00e9e de lecture estim\u00e9e":"5 minutes"},"schema":{"@context":"https:\/\/schema.org","@graph":[{"@type":"WebPage","@id":"https:\/\/dimabot.com\/index.php\/privacy-policy\/","url":"https:\/\/dimabot.com\/index.php\/privacy-policy\/","name":"Politique de confidentialit\u00e9 - dimabot","isPartOf":{"@id":"https:\/\/dimabot.com\/#website"},"datePublished":"2023-01-20T13:29:17+00:00","dateModified":"2023-02-25T17:09:53+00:00","breadcrumb":{"@id":"https:\/\/dimabot.com\/index.php\/privacy-policy\/#breadcrumb"},"inLanguage":"fr-FR","potentialAction":[{"@type":"ReadAction","target":["https:\/\/dimabot.com\/index.php\/privacy-policy\/"]}]},{"@type":"BreadcrumbList","@id":"https:\/\/dimabot.com\/index.php\/privacy-policy\/#breadcrumb","itemListElement":[{"@type":"ListItem","position":1,"name":"Accueil","item":"https:\/\/dimabot.com\/"},{"@type":"ListItem","position":2,"name":"Politique de confidentialit\u00e9"}]},{"@type":"WebSite","@id":"https:\/\/dimabot.com\/#website","url":"https:\/\/dimabot.com\/","name":"dimabot","description":"","publisher":{"@id":"https:\/\/dimabot.com\/#organization"},"potentialAction":[{"@type":"SearchAction","target":{"@type":"EntryPoint","urlTemplate":"https:\/\/dimabot.com\/?s={search_term_string}"},"query-input":{"@type":"PropertyValueSpecification","valueRequired":true,"valueName":"search_term_string"}}],"inLanguage":"fr-FR"},{"@type":"Organization","@id":"https:\/\/dimabot.com\/#organization","name":"dimabot","url":"https:\/\/dimabot.com\/","logo":{"@type":"ImageObject","inLanguage":"fr-FR","@id":"https:\/\/dimabot.com\/#\/schema\/logo\/image\/","url":"https:\/\/dimabot.com\/wp-content\/uploads\/2023\/01\/cropped-logo-dimabot-small-1.png","contentUrl":"https:\/\/dimabot.com\/wp-content\/uploads\/2023\/01\/cropped-logo-dimabot-small-1.png","width":327,"height":61,"caption":"dimabot"},"image":{"@id":"https:\/\/dimabot.com\/#\/schema\/logo\/image\/"},"sameAs":["https:\/\/www.facebook.com\/profile.php?id=100054576573954&mibextid=LQQJ4d"]}]}},"jetpack_sharing_enabled":true,"_links":{"self":[{"href":"https:\/\/dimabot.com\/index.php\/wp-json\/wp\/v2\/pages\/3"}],"collection":[{"href":"https:\/\/dimabot.com\/index.php\/wp-json\/wp\/v2\/pages"}],"about":[{"href":"https:\/\/dimabot.com\/index.php\/wp-json\/wp\/v2\/types\/page"}],"author":[{"embeddable":true,"href":"https:\/\/dimabot.com\/index.php\/wp-json\/wp\/v2\/users\/1"}],"replies":[{"embeddable":true,"href":"https:\/\/dimabot.com\/index.php\/wp-json\/wp\/v2\/comments?post=3"}],"version-history":[{"count":4,"href":"https:\/\/dimabot.com\/index.php\/wp-json\/wp\/v2\/pages\/3\/revisions"}],"predecessor-version":[{"id":379,"href":"https:\/\/dimabot.com\/index.php\/wp-json\/wp\/v2\/pages\/3\/revisions\/379"}],"wp:attachment":[{"href":"https:\/\/dimabot.com\/index.php\/wp-json\/wp\/v2\/media?parent=3"}],"curies":[{"name":"wp","href":"https:\/\/api.w.org\/{rel}","templated":true}]}}