{"id":36,"date":"2023-01-21T16:55:35","date_gmt":"2023-01-21T16:55:35","guid":{"rendered":"https:\/\/dimabot.com\/?page_id=36"},"modified":"2024-02-27T14:54:39","modified_gmt":"2024-02-27T14:54:39","slug":"accueil","status":"publish","type":"page","link":"https:\/\/dimabot.com\/","title":{"rendered":"Accueil"},"content":{"rendered":"\t\t<div data-elementor-type=\"wp-page\" data-elementor-id=\"36\" class=\"elementor elementor-36\">\n\t\t\t\t\t\t<section class=\"elementor-section elementor-top-section elementor-element elementor-element-e9605b3 elementor-section-boxed elementor-section-height-default elementor-section-height-default\" data-id=\"e9605b3\" data-element_type=\"section\">\n\t\t\t\t\t\t<div class=\"elementor-container elementor-column-gap-default\">\n\t\t\t\t\t<div class=\"elementor-column elementor-col-100 elementor-top-column elementor-element elementor-element-8e93419\" data-id=\"8e93419\" data-element_type=\"column\">\n\t\t\t<div class=\"elementor-widget-wrap elementor-element-populated\">\n\t\t\t\t\t\t<div class=\"elementor-element elementor-element-a618e8c elementor-align-right elementor-absolute elementor-widget elementor-widget-button\" data-id=\"a618e8c\" data-element_type=\"widget\" data-settings=\"{&quot;_position&quot;:&quot;absolute&quot;}\" data-widget_type=\"button.default\">\n\t\t\t\t<div class=\"elementor-widget-container\">\n\t\t\t\t\t<div class=\"elementor-button-wrapper\">\n\t\t\t<a class=\"elementor-button elementor-button-link elementor-size-lg\" href=\"https:\/\/dimabot.com\/index.php\/shop\/\">\n\t\t\t\t\t\t<span class=\"elementor-button-content-wrapper\">\n\t\t\t\t\t\t\t\t\t<span class=\"elementor-button-text\">ACHETER MAINTENANT<\/span>\n\t\t\t\t\t<\/span>\n\t\t\t\t\t<\/a>\n\t\t<\/div>\n\t\t\t\t<\/div>\n\t\t\t\t<\/div>\n\t\t\t\t<div class=\"elementor-element elementor-element-bd24e88 elementor-widget elementor-widget-image\" data-id=\"bd24e88\" data-element_type=\"widget\" data-widget_type=\"image.default\">\n\t\t\t\t<div class=\"elementor-widget-container\">\n\t\t\t\t\t\t\t\t\t\t\t\t\t<img fetchpriority=\"high\" decoding=\"async\" width=\"2800\" height=\"787\" src=\"https:\/\/dimabot.com\/wp-content\/uploads\/2023\/03\/produit_chine_0_retouche_coupe3000.png\" class=\"attachment-full size-full wp-image-1116\" alt=\"aspirateur dimabot\" srcset=\"https:\/\/dimabot.com\/wp-content\/uploads\/2023\/03\/produit_chine_0_retouche_coupe3000.png 2800w, https:\/\/dimabot.com\/wp-content\/uploads\/2023\/03\/produit_chine_0_retouche_coupe3000-300x84.png 300w, https:\/\/dimabot.com\/wp-content\/uploads\/2023\/03\/produit_chine_0_retouche_coupe3000-1024x288.png 1024w, https:\/\/dimabot.com\/wp-content\/uploads\/2023\/03\/produit_chine_0_retouche_coupe3000-768x216.png 768w, https:\/\/dimabot.com\/wp-content\/uploads\/2023\/03\/produit_chine_0_retouche_coupe3000-1536x432.png 1536w, https:\/\/dimabot.com\/wp-content\/uploads\/2023\/03\/produit_chine_0_retouche_coupe3000-2048x576.png 2048w, https:\/\/dimabot.com\/wp-content\/uploads\/2023\/03\/produit_chine_0_retouche_coupe3000-1320x371.png 1320w, https:\/\/dimabot.com\/wp-content\/uploads\/2023\/03\/produit_chine_0_retouche_coupe3000-324x91.png 324w, https:\/\/dimabot.com\/wp-content\/uploads\/2023\/03\/produit_chine_0_retouche_coupe3000-416x117.png 416w\" sizes=\"(max-width: 2800px) 100vw, 2800px\" \/>\t\t\t\t\t\t\t\t\t\t\t\t\t<\/div>\n\t\t\t\t<\/div>\n\t\t\t\t\t<\/div>\n\t\t<\/div>\n\t\t\t\t\t<\/div>\n\t\t<\/section>\n\t\t\t\t<section class=\"elementor-section elementor-top-section elementor-element elementor-element-621b79a elementor-section-boxed elementor-section-height-default elementor-section-height-default\" data-id=\"621b79a\" data-element_type=\"section\">\n\t\t\t\t\t\t<div class=\"elementor-container elementor-column-gap-default\">\n\t\t\t\t\t<div class=\"elementor-column elementor-col-33 elementor-top-column elementor-element elementor-element-759c974\" data-id=\"759c974\" data-element_type=\"column\">\n\t\t\t<div class=\"elementor-widget-wrap elementor-element-populated\">\n\t\t\t\t\t\t<div class=\"elementor-element elementor-element-44a5ce0 elementor-widget elementor-widget-qi_addons_for_elementor_icon_with_text\" data-id=\"44a5ce0\" data-element_type=\"widget\" data-widget_type=\"qi_addons_for_elementor_icon_with_text.default\">\n\t\t\t\t<div class=\"elementor-widget-container\">\n\t\t\t<div class=\"qodef-shortcode qodef-m  qodef-qi-icon-with-text qodef-layout--top    qodef--icon-pack qodef-alignment--center\" >\n\t\t\t<div class=\"qodef-m-icon-wrapper\">\n\t\t\t\t<div class=\"qodef-m-icon-holder\">\n\t\t<i aria-hidden=\"true\" class=\"fas fa-shipping-fast\"><\/i>\t<\/div>\n\t\t<\/div>\n\t\t<div class=\"qodef-m-content\">\n\t\t\t<div class=\"qodef-m-separator qodef-qi-clear\">\n\t\t<div class=\"qodef-shortcode qodef-m  qodef-qi-separator qodef-qi-clear qodef-separator--standard \">\t<div class=\"qodef-m-line\"><\/div><\/div>\t<\/div>\n\t\t\t\t\t<div class=\"qodef-m-text\"><h3 style=\"text-align: center\"><strong>Livraison partout <\/strong><strong>au Monde<\/strong><\/h3><p style=\"text-align: center\">DHL, Aramex, My Amana, Maersk...<\/p><\/div>\n\t\t\t<\/div>\n<\/div>\n\t\t<\/div>\n\t\t\t\t<\/div>\n\t\t\t\t\t<\/div>\n\t\t<\/div>\n\t\t\t\t<div class=\"elementor-column elementor-col-33 elementor-top-column elementor-element elementor-element-755ba3b\" data-id=\"755ba3b\" data-element_type=\"column\">\n\t\t\t<div class=\"elementor-widget-wrap elementor-element-populated\">\n\t\t\t\t\t\t<div class=\"elementor-element elementor-element-3f0a7f2 elementor-widget elementor-widget-qi_addons_for_elementor_icon_with_text\" data-id=\"3f0a7f2\" data-element_type=\"widget\" data-widget_type=\"qi_addons_for_elementor_icon_with_text.default\">\n\t\t\t\t<div class=\"elementor-widget-container\">\n\t\t\t<div class=\"qodef-shortcode qodef-m  qodef-qi-icon-with-text qodef-layout--top    qodef--icon-pack qodef-alignment--center\" >\n\t\t\t<div class=\"qodef-m-icon-wrapper\">\n\t\t\t\t<div class=\"qodef-m-icon-holder\">\n\t\t<i aria-hidden=\"true\" class=\"fas fa-phone-volume\"><\/i>\t<\/div>\n\t\t<\/div>\n\t\t<div class=\"qodef-m-content\">\n\t\t\t<div class=\"qodef-m-separator qodef-qi-clear\">\n\t\t<div class=\"qodef-shortcode qodef-m  qodef-qi-separator qodef-qi-clear qodef-separator--standard \">\t<div class=\"qodef-m-line\"><\/div><\/div>\t<\/div>\n\t\t\t\t\t<div class=\"qodef-m-text\"><h3><strong>Assistance 24\/7<\/strong><\/h3><p>Via WhatsApp ou par email\u00a0 contact@dimabot.com<\/p><\/div>\n\t\t\t<\/div>\n<\/div>\n\t\t<\/div>\n\t\t\t\t<\/div>\n\t\t\t\t\t<\/div>\n\t\t<\/div>\n\t\t\t\t<div class=\"elementor-column elementor-col-33 elementor-top-column elementor-element elementor-element-ab5a472\" data-id=\"ab5a472\" data-element_type=\"column\">\n\t\t\t<div class=\"elementor-widget-wrap elementor-element-populated\">\n\t\t\t\t\t\t<div class=\"elementor-element elementor-element-64200d5 elementor-widget elementor-widget-qi_addons_for_elementor_icon_with_text\" data-id=\"64200d5\" data-element_type=\"widget\" data-widget_type=\"qi_addons_for_elementor_icon_with_text.default\">\n\t\t\t\t<div class=\"elementor-widget-container\">\n\t\t\t<div class=\"qodef-shortcode qodef-m  qodef-qi-icon-with-text qodef-layout--top    qodef--icon-pack qodef-alignment--center\" >\n\t\t\t<div class=\"qodef-m-icon-wrapper\">\n\t\t\t\t<div class=\"qodef-m-icon-holder\">\n\t\t<i aria-hidden=\"true\" class=\"far fa-smile\"><\/i>\t<\/div>\n\t\t<\/div>\n\t\t<div class=\"qodef-m-content\">\n\t\t\t<div class=\"qodef-m-separator qodef-qi-clear\">\n\t\t<div class=\"qodef-shortcode qodef-m  qodef-qi-separator qodef-qi-clear qodef-separator--standard \">\t<div class=\"qodef-m-line\"><\/div><\/div>\t<\/div>\n\t\t\t\t\t<div class=\"qodef-m-text\"><h3><strong>Satisfaction garantie<\/strong><\/h3><p>Nos clients nous recommandent<\/p><\/div>\n\t\t\t<\/div>\n<\/div>\n\t\t<\/div>\n\t\t\t\t<\/div>\n\t\t\t\t\t<\/div>\n\t\t<\/div>\n\t\t\t\t\t<\/div>\n\t\t<\/section>\n\t\t\t\t<section class=\"elementor-section elementor-top-section elementor-element elementor-element-c275259 elementor-section-boxed elementor-section-height-default elementor-section-height-default\" data-id=\"c275259\" data-element_type=\"section\">\n\t\t\t\t\t\t<div class=\"elementor-container elementor-column-gap-default\">\n\t\t\t\t\t<div class=\"elementor-column elementor-col-100 elementor-top-column elementor-element elementor-element-0e5adcb\" data-id=\"0e5adcb\" data-element_type=\"column\">\n\t\t\t<div class=\"elementor-widget-wrap elementor-element-populated\">\n\t\t\t\t\t\t<div class=\"elementor-element elementor-element-84b4530 elementor-widget-divider--view-line elementor-widget elementor-widget-divider\" data-id=\"84b4530\" data-element_type=\"widget\" data-widget_type=\"divider.default\">\n\t\t\t\t<div class=\"elementor-widget-container\">\n\t\t\t\t\t<div class=\"elementor-divider\">\n\t\t\t<span class=\"elementor-divider-separator\">\n\t\t\t\t\t\t<\/span>\n\t\t<\/div>\n\t\t\t\t<\/div>\n\t\t\t\t<\/div>\n\t\t\t\t<div class=\"elementor-element elementor-element-1925169 elementor-widget elementor-widget-shortcode\" data-id=\"1925169\" data-element_type=\"widget\" data-widget_type=\"shortcode.default\">\n\t\t\t\t<div class=\"elementor-widget-container\">\n\t\t\t\t\t<div class=\"elementor-shortcode\">\t\t<div data-elementor-type=\"wp-post\" data-elementor-id=\"603\" class=\"elementor elementor-603\">\n\t\t\t\t\t\t<section class=\"elementor-section elementor-top-section elementor-element elementor-element-722791b elementor-section-boxed elementor-section-height-default elementor-section-height-default\" data-id=\"722791b\" data-element_type=\"section\" data-settings=\"{&quot;background_background&quot;:&quot;classic&quot;}\">\n\t\t\t\t\t\t<div class=\"elementor-container elementor-column-gap-default\">\n\t\t\t\t\t<div class=\"elementor-column elementor-col-100 elementor-top-column elementor-element elementor-element-767d24e\" data-id=\"767d24e\" data-element_type=\"column\">\n\t\t\t<div class=\"elementor-widget-wrap elementor-element-populated\">\n\t\t\t\t\t\t<section class=\"elementor-section elementor-inner-section elementor-element elementor-element-901f39c elementor-section-boxed elementor-section-height-default elementor-section-height-default\" data-id=\"901f39c\" data-element_type=\"section\">\n\t\t\t\t\t\t<div class=\"elementor-container elementor-column-gap-default\">\n\t\t\t\t\t<div class=\"elementor-column elementor-col-100 elementor-inner-column elementor-element elementor-element-4f76cfb\" data-id=\"4f76cfb\" data-element_type=\"column\">\n\t\t\t<div class=\"elementor-widget-wrap\">\n\t\t\t\t\t\t\t<\/div>\n\t\t<\/div>\n\t\t\t\t\t<\/div>\n\t\t<\/section>\n\t\t\t\t<section class=\"elementor-section elementor-inner-section elementor-element elementor-element-91803bb elementor-section-boxed elementor-section-height-default elementor-section-height-default\" data-id=\"91803bb\" data-element_type=\"section\">\n\t\t\t\t\t\t<div class=\"elementor-container elementor-column-gap-default\">\n\t\t\t\t\t<div class=\"elementor-column elementor-col-33 elementor-inner-column elementor-element elementor-element-b03d9cf\" data-id=\"b03d9cf\" data-element_type=\"column\">\n\t\t\t<div class=\"elementor-widget-wrap elementor-element-populated\">\n\t\t\t\t\t\t<div class=\"elementor-element elementor-element-00f0d7c elementor-view-default elementor-widget elementor-widget-icon\" data-id=\"00f0d7c\" data-element_type=\"widget\" data-widget_type=\"icon.default\">\n\t\t\t\t<div class=\"elementor-widget-container\">\n\t\t\t\t\t<div class=\"elementor-icon-wrapper\">\n\t\t\t<div class=\"elementor-icon\">\n\t\t\t<i aria-hidden=\"true\" class=\"fab fa-whatsapp\"><\/i>\t\t\t<\/div>\n\t\t<\/div>\n\t\t\t\t<\/div>\n\t\t\t\t<\/div>\n\t\t\t\t<div class=\"elementor-element elementor-element-df189f0 elementor-widget elementor-widget-text-editor\" data-id=\"df189f0\" data-element_type=\"widget\" data-widget_type=\"text-editor.default\">\n\t\t\t\t<div class=\"elementor-widget-container\">\n\t\t\t\t\t\t\t<p>Notre Service client est \u00e0 votre \u00e9coute sur WhatsApp .<\/p>\t\t\t\t\t\t<\/div>\n\t\t\t\t<\/div>\n\t\t\t\t\t<\/div>\n\t\t<\/div>\n\t\t\t\t<div class=\"elementor-column elementor-col-33 elementor-inner-column elementor-element elementor-element-46a4d3b\" data-id=\"46a4d3b\" data-element_type=\"column\">\n\t\t\t<div class=\"elementor-widget-wrap elementor-element-populated\">\n\t\t\t\t\t\t<div class=\"elementor-element elementor-element-71f4e0d elementor-view-default elementor-widget elementor-widget-icon\" data-id=\"71f4e0d\" data-element_type=\"widget\" data-widget_type=\"icon.default\">\n\t\t\t\t<div class=\"elementor-widget-container\">\n\t\t\t\t\t<div class=\"elementor-icon-wrapper\">\n\t\t\t<div class=\"elementor-icon\">\n\t\t\t<i aria-hidden=\"true\" class=\"fas fa-phone\"><\/i>\t\t\t<\/div>\n\t\t<\/div>\n\t\t\t\t<\/div>\n\t\t\t\t<\/div>\n\t\t\t\t<div class=\"elementor-element elementor-element-89df57a elementor-widget elementor-widget-text-editor\" data-id=\"89df57a\" data-element_type=\"widget\" data-widget_type=\"text-editor.default\">\n\t\t\t\t<div class=\"elementor-widget-container\">\n\t\t\t\t\t\t\t<p>Appelez-nous au +212 701162628.<\/p>\t\t\t\t\t\t<\/div>\n\t\t\t\t<\/div>\n\t\t\t\t\t<\/div>\n\t\t<\/div>\n\t\t\t\t<div class=\"elementor-column elementor-col-33 elementor-inner-column elementor-element elementor-element-cee3872\" data-id=\"cee3872\" data-element_type=\"column\">\n\t\t\t<div class=\"elementor-widget-wrap elementor-element-populated\">\n\t\t\t\t\t\t<div class=\"elementor-element elementor-element-fb17956 elementor-view-default elementor-widget elementor-widget-icon\" data-id=\"fb17956\" data-element_type=\"widget\" data-widget_type=\"icon.default\">\n\t\t\t\t<div class=\"elementor-widget-container\">\n\t\t\t\t\t<div class=\"elementor-icon-wrapper\">\n\t\t\t<div class=\"elementor-icon\">\n\t\t\t<i aria-hidden=\"true\" class=\"fas fa-video\"><\/i>\t\t\t<\/div>\n\t\t<\/div>\n\t\t\t\t<\/div>\n\t\t\t\t<\/div>\n\t\t\t\t<div class=\"elementor-element elementor-element-08243c2 elementor-widget elementor-widget-text-editor\" data-id=\"08243c2\" data-element_type=\"widget\" data-widget_type=\"text-editor.default\">\n\t\t\t\t<div class=\"elementor-widget-container\">\n\t\t\t\t\t\t\t<p>Demander une d\u00e9monstration gratuite en <em>live ou chez vous.<\/em><\/p>\t\t\t\t\t\t<\/div>\n\t\t\t\t<\/div>\n\t\t\t\t\t<\/div>\n\t\t<\/div>\n\t\t\t\t\t<\/div>\n\t\t<\/section>\n\t\t\t\t\t<\/div>\n\t\t<\/div>\n\t\t\t\t\t<\/div>\n\t\t<\/section>\n\t\t\t\t<section class=\"elementor-section elementor-top-section elementor-element elementor-element-0f95799 elementor-section-boxed elementor-section-height-default elementor-section-height-default\" data-id=\"0f95799\" data-element_type=\"section\">\n\t\t\t\t\t\t<div class=\"elementor-container elementor-column-gap-default\">\n\t\t\t\t\t<div class=\"elementor-column elementor-col-100 elementor-top-column elementor-element elementor-element-537a76b\" data-id=\"537a76b\" data-element_type=\"column\">\n\t\t\t<div class=\"elementor-widget-wrap elementor-element-populated\">\n\t\t\t\t\t\t<div class=\"elementor-element elementor-element-db53b03 elementor-widget elementor-widget-spacer\" data-id=\"db53b03\" data-element_type=\"widget\" data-widget_type=\"spacer.default\">\n\t\t\t\t<div class=\"elementor-widget-container\">\n\t\t\t\t\t<div class=\"elementor-spacer\">\n\t\t\t<div class=\"elementor-spacer-inner\"><\/div>\n\t\t<\/div>\n\t\t\t\t<\/div>\n\t\t\t\t<\/div>\n\t\t\t\t\t<\/div>\n\t\t<\/div>\n\t\t\t\t\t<\/div>\n\t\t<\/section>\n\t\t\t\t<\/div>\n\t\t<\/div>\n\t\t\t\t<\/div>\n\t\t\t\t<\/div>\n\t\t\t\t\t<\/div>\n\t\t<\/div>\n\t\t\t\t\t<\/div>\n\t\t<\/section>\n\t\t\t\t<\/div>\n\t\t","protected":false},"excerpt":{"rendered":"<p>ACHETER MAINTENANT Livraison partout au Monde DHL, Aramex, My Amana, Maersk&#8230; Assistance 24\/7 Via WhatsApp ou par email\u00a0 contact@dimabot.com Satisfaction garantie Nos clients nous recommandent<\/p>\n","protected":false},"author":1,"featured_media":0,"parent":0,"menu_order":0,"comment_status":"closed","ping_status":"closed","template":"template-fullwidth.php","meta":{"footnotes":""},"yoast_head":"<!-- This site is optimized with the Yoast SEO plugin v23.5 - https:\/\/yoast.com\/wordpress\/plugins\/seo\/ -->\n<title>Accueil - dimabot<\/title>\n<meta name=\"description\" content=\"Aspirateur laveur de sol. 3 en 1 (Aspire, Lave et S\u00e8che en m\u00eame temps). Meilleur aspirateur sans fil pour un nettoyage efficace. Meilleur rapport qualit\u00e9-prix.\" \/>\n<meta name=\"robots\" content=\"index, follow, max-snippet:-1, max-image-preview:large, max-video-preview:-1\" \/>\n<link rel=\"canonical\" href=\"https:\/\/dimabot.com\/\" \/>\n<meta property=\"og:locale\" content=\"fr_FR\" \/>\n<meta property=\"og:type\" content=\"article\" \/>\n<meta property=\"og:title\" content=\"Accueil - dimabot\" \/>\n<meta property=\"og:description\" content=\"Aspirateur laveur de sol. 3 en 1 (Aspire, Lave et S\u00e8che en m\u00eame temps). Meilleur aspirateur sans fil pour un nettoyage efficace. Meilleur rapport qualit\u00e9-prix.\" \/>\n<meta property=\"og:url\" content=\"https:\/\/dimabot.com\/\" \/>\n<meta property=\"og:site_name\" content=\"dimabot\" \/>\n<meta property=\"article:publisher\" content=\"https:\/\/www.facebook.com\/profile.php?id=100054576573954&amp;mibextid=LQQJ4d\" \/>\n<meta property=\"article:modified_time\" content=\"2024-02-27T14:54:39+00:00\" \/>\n<meta property=\"og:image\" content=\"https:\/\/dimabot.com\/wp-content\/uploads\/2023\/03\/produit_chine_0_retouche_coupe3000.png\" \/>\n<meta name=\"twitter:card\" content=\"summary_large_image\" \/>\n<meta name=\"twitter:label1\" content=\"Dur\u00e9e de lecture estim\u00e9e\" \/>\n\t<meta name=\"twitter:data1\" content=\"1 minute\" \/>\n<script type=\"application\/ld+json\" class=\"yoast-schema-graph\">{\"@context\":\"https:\/\/schema.org\",\"@graph\":[{\"@type\":\"WebPage\",\"@id\":\"https:\/\/dimabot.com\/\",\"url\":\"https:\/\/dimabot.com\/\",\"name\":\"Accueil - dimabot\",\"isPartOf\":{\"@id\":\"https:\/\/dimabot.com\/#website\"},\"primaryImageOfPage\":{\"@id\":\"https:\/\/dimabot.com\/#primaryimage\"},\"image\":{\"@id\":\"https:\/\/dimabot.com\/#primaryimage\"},\"thumbnailUrl\":\"https:\/\/dimabot.com\/wp-content\/uploads\/2023\/03\/produit_chine_0_retouche_coupe3000.png\",\"datePublished\":\"2023-01-21T16:55:35+00:00\",\"dateModified\":\"2024-02-27T14:54:39+00:00\",\"description\":\"Aspirateur laveur de sol. 3 en 1 (Aspire, Lave et S\u00e8che en m\u00eame temps). Meilleur aspirateur sans fil pour un nettoyage efficace. Meilleur rapport qualit\u00e9-prix.\",\"breadcrumb\":{\"@id\":\"https:\/\/dimabot.com\/#breadcrumb\"},\"inLanguage\":\"fr-FR\",\"potentialAction\":[{\"@type\":\"ReadAction\",\"target\":[\"https:\/\/dimabot.com\/\"]}]},{\"@type\":\"ImageObject\",\"inLanguage\":\"fr-FR\",\"@id\":\"https:\/\/dimabot.com\/#primaryimage\",\"url\":\"https:\/\/dimabot.com\/wp-content\/uploads\/2023\/03\/produit_chine_0_retouche_coupe3000.png\",\"contentUrl\":\"https:\/\/dimabot.com\/wp-content\/uploads\/2023\/03\/produit_chine_0_retouche_coupe3000.png\",\"width\":2800,\"height\":787,\"caption\":\"aspirateur dimabot\"},{\"@type\":\"BreadcrumbList\",\"@id\":\"https:\/\/dimabot.com\/#breadcrumb\",\"itemListElement\":[{\"@type\":\"ListItem\",\"position\":1,\"name\":\"Accueil\",\"item\":\"https:\/\/dimabot.com\/\"},{\"@type\":\"ListItem\",\"position\":2,\"name\":\"Accueil\"}]},{\"@type\":\"WebSite\",\"@id\":\"https:\/\/dimabot.com\/#website\",\"url\":\"https:\/\/dimabot.com\/\",\"name\":\"dimabot\",\"description\":\"\",\"publisher\":{\"@id\":\"https:\/\/dimabot.com\/#organization\"},\"potentialAction\":[{\"@type\":\"SearchAction\",\"target\":{\"@type\":\"EntryPoint\",\"urlTemplate\":\"https:\/\/dimabot.com\/?s={search_term_string}\"},\"query-input\":{\"@type\":\"PropertyValueSpecification\",\"valueRequired\":true,\"valueName\":\"search_term_string\"}}],\"inLanguage\":\"fr-FR\"},{\"@type\":\"Organization\",\"@id\":\"https:\/\/dimabot.com\/#organization\",\"name\":\"dimabot\",\"url\":\"https:\/\/dimabot.com\/\",\"logo\":{\"@type\":\"ImageObject\",\"inLanguage\":\"fr-FR\",\"@id\":\"https:\/\/dimabot.com\/#\/schema\/logo\/image\/\",\"url\":\"https:\/\/dimabot.com\/wp-content\/uploads\/2023\/01\/cropped-logo-dimabot-small-1.png\",\"contentUrl\":\"https:\/\/dimabot.com\/wp-content\/uploads\/2023\/01\/cropped-logo-dimabot-small-1.png\",\"width\":327,\"height\":61,\"caption\":\"dimabot\"},\"image\":{\"@id\":\"https:\/\/dimabot.com\/#\/schema\/logo\/image\/\"},\"sameAs\":[\"https:\/\/www.facebook.com\/profile.php?id=100054576573954&mibextid=LQQJ4d\"]}]}<\/script>\n<!-- \/ Yoast SEO plugin. -->","yoast_head_json":{"title":"Accueil - dimabot","description":"Aspirateur laveur de sol. 3 en 1 (Aspire, Lave et S\u00e8che en m\u00eame temps). Meilleur aspirateur sans fil pour un nettoyage efficace. Meilleur rapport qualit\u00e9-prix.","robots":{"index":"index","follow":"follow","max-snippet":"max-snippet:-1","max-image-preview":"max-image-preview:large","max-video-preview":"max-video-preview:-1"},"canonical":"https:\/\/dimabot.com\/","og_locale":"fr_FR","og_type":"article","og_title":"Accueil - dimabot","og_description":"Aspirateur laveur de sol. 3 en 1 (Aspire, Lave et S\u00e8che en m\u00eame temps). Meilleur aspirateur sans fil pour un nettoyage efficace. Meilleur rapport qualit\u00e9-prix.","og_url":"https:\/\/dimabot.com\/","og_site_name":"dimabot","article_publisher":"https:\/\/www.facebook.com\/profile.php?id=100054576573954&mibextid=LQQJ4d","article_modified_time":"2024-02-27T14:54:39+00:00","og_image":[{"url":"https:\/\/dimabot.com\/wp-content\/uploads\/2023\/03\/produit_chine_0_retouche_coupe3000.png"}],"twitter_card":"summary_large_image","twitter_misc":{"Dur\u00e9e de lecture estim\u00e9e":"1 minute"},"schema":{"@context":"https:\/\/schema.org","@graph":[{"@type":"WebPage","@id":"https:\/\/dimabot.com\/","url":"https:\/\/dimabot.com\/","name":"Accueil - dimabot","isPartOf":{"@id":"https:\/\/dimabot.com\/#website"},"primaryImageOfPage":{"@id":"https:\/\/dimabot.com\/#primaryimage"},"image":{"@id":"https:\/\/dimabot.com\/#primaryimage"},"thumbnailUrl":"https:\/\/dimabot.com\/wp-content\/uploads\/2023\/03\/produit_chine_0_retouche_coupe3000.png","datePublished":"2023-01-21T16:55:35+00:00","dateModified":"2024-02-27T14:54:39+00:00","description":"Aspirateur laveur de sol. 3 en 1 (Aspire, Lave et S\u00e8che en m\u00eame temps). Meilleur aspirateur sans fil pour un nettoyage efficace. Meilleur rapport qualit\u00e9-prix.","breadcrumb":{"@id":"https:\/\/dimabot.com\/#breadcrumb"},"inLanguage":"fr-FR","potentialAction":[{"@type":"ReadAction","target":["https:\/\/dimabot.com\/"]}]},{"@type":"ImageObject","inLanguage":"fr-FR","@id":"https:\/\/dimabot.com\/#primaryimage","url":"https:\/\/dimabot.com\/wp-content\/uploads\/2023\/03\/produit_chine_0_retouche_coupe3000.png","contentUrl":"https:\/\/dimabot.com\/wp-content\/uploads\/2023\/03\/produit_chine_0_retouche_coupe3000.png","width":2800,"height":787,"caption":"aspirateur dimabot"},{"@type":"BreadcrumbList","@id":"https:\/\/dimabot.com\/#breadcrumb","itemListElement":[{"@type":"ListItem","position":1,"name":"Accueil","item":"https:\/\/dimabot.com\/"},{"@type":"ListItem","position":2,"name":"Accueil"}]},{"@type":"WebSite","@id":"https:\/\/dimabot.com\/#website","url":"https:\/\/dimabot.com\/","name":"dimabot","description":"","publisher":{"@id":"https:\/\/dimabot.com\/#organization"},"potentialAction":[{"@type":"SearchAction","target":{"@type":"EntryPoint","urlTemplate":"https:\/\/dimabot.com\/?s={search_term_string}"},"query-input":{"@type":"PropertyValueSpecification","valueRequired":true,"valueName":"search_term_string"}}],"inLanguage":"fr-FR"},{"@type":"Organization","@id":"https:\/\/dimabot.com\/#organization","name":"dimabot","url":"https:\/\/dimabot.com\/","logo":{"@type":"ImageObject","inLanguage":"fr-FR","@id":"https:\/\/dimabot.com\/#\/schema\/logo\/image\/","url":"https:\/\/dimabot.com\/wp-content\/uploads\/2023\/01\/cropped-logo-dimabot-small-1.png","contentUrl":"https:\/\/dimabot.com\/wp-content\/uploads\/2023\/01\/cropped-logo-dimabot-small-1.png","width":327,"height":61,"caption":"dimabot"},"image":{"@id":"https:\/\/dimabot.com\/#\/schema\/logo\/image\/"},"sameAs":["https:\/\/www.facebook.com\/profile.php?id=100054576573954&mibextid=LQQJ4d"]}]}},"jetpack_sharing_enabled":true,"_links":{"self":[{"href":"https:\/\/dimabot.com\/index.php\/wp-json\/wp\/v2\/pages\/36"}],"collection":[{"href":"https:\/\/dimabot.com\/index.php\/wp-json\/wp\/v2\/pages"}],"about":[{"href":"https:\/\/dimabot.com\/index.php\/wp-json\/wp\/v2\/types\/page"}],"author":[{"embeddable":true,"href":"https:\/\/dimabot.com\/index.php\/wp-json\/wp\/v2\/users\/1"}],"replies":[{"embeddable":true,"href":"https:\/\/dimabot.com\/index.php\/wp-json\/wp\/v2\/comments?post=36"}],"version-history":[{"count":107,"href":"https:\/\/dimabot.com\/index.php\/wp-json\/wp\/v2\/pages\/36\/revisions"}],"predecessor-version":[{"id":1495,"href":"https:\/\/dimabot.com\/index.php\/wp-json\/wp\/v2\/pages\/36\/revisions\/1495"}],"wp:attachment":[{"href":"https:\/\/dimabot.com\/index.php\/wp-json\/wp\/v2\/media?parent=36"}],"curies":[{"name":"wp","href":"https:\/\/api.w.org\/{rel}","templated":true}]}}