{"id":401,"date":"2023-02-25T21:18:06","date_gmt":"2023-02-25T21:18:06","guid":{"rendered":"https:\/\/dimabot.com\/?page_id=401"},"modified":"2023-02-25T22:17:33","modified_gmt":"2023-02-25T22:17:33","slug":"livraison","status":"publish","type":"page","link":"https:\/\/dimabot.com\/index.php\/livraison\/","title":{"rendered":"Livraison"},"content":{"rendered":"\n<p>L&#8217;ensemble des produits pr\u00e9sents sur le site Dimabot Maroc sont en stock en permanence, ce qui permet de vous offrir la possibilit\u00e9 de vous livrer dans 24H voire maximum 48H pour toute commande pass\u00e9e avant 13h00.<\/p>\n\n\n\n<h1 class=\"wp-block-heading\">Frais de livraison<\/h1>\n\n\n\n<p>Pour toute commande au Maroc, la livraison partout au Maroc est offerte quel que soit le transporteur. <\/p>\n\n\n\n<h2 class=\"wp-block-heading\">Frais de livraison International<\/h2>\n\n\n\n<p>Nous livrons partout dans le monde via DHL, Aramex, My Amana, &#8230;etc, . Nous choisissons pour vous le tarif le plus \u00e9conomique. Contactez nous&nbsp;pour plus d&#8217;informations.<\/p>\n\n\n\n<p><\/p>\n\n\n\n<p><\/p>\n\n\n\n<p><\/p>\n","protected":false},"excerpt":{"rendered":"<p>L&#8217;ensemble des produits pr\u00e9sents sur le site Dimabot Maroc sont en stock en permanence, ce qui permet de vous offrir la possibilit\u00e9 de vous livrer dans 24H voire maximum 48H pour toute commande pass\u00e9e avant 13h00. Frais de livraison Pour toute commande au Maroc, la livraison partout au Maroc est offerte quel que soit le [&hellip;]<\/p>\n","protected":false},"author":1,"featured_media":0,"parent":0,"menu_order":0,"comment_status":"closed","ping_status":"closed","template":"","meta":{"footnotes":""},"yoast_head":"<!-- This site is optimized with the Yoast SEO plugin v23.5 - https:\/\/yoast.com\/wordpress\/plugins\/seo\/ -->\n<title>Livraison - dimabot<\/title>\n<meta name=\"robots\" content=\"index, follow, max-snippet:-1, max-image-preview:large, max-video-preview:-1\" \/>\n<link rel=\"canonical\" href=\"https:\/\/dimabot.com\/index.php\/livraison\/\" \/>\n<meta property=\"og:locale\" content=\"fr_FR\" \/>\n<meta property=\"og:type\" content=\"article\" \/>\n<meta property=\"og:title\" content=\"Livraison - dimabot\" \/>\n<meta property=\"og:description\" content=\"L&#8217;ensemble des produits pr\u00e9sents sur le site Dimabot Maroc sont en stock en permanence, ce qui permet de vous offrir la possibilit\u00e9 de vous livrer dans 24H voire maximum 48H pour toute commande pass\u00e9e avant 13h00. Frais de livraison Pour toute commande au Maroc, la livraison partout au Maroc est offerte quel que soit le [&hellip;]\" \/>\n<meta property=\"og:url\" content=\"https:\/\/dimabot.com\/index.php\/livraison\/\" \/>\n<meta property=\"og:site_name\" content=\"dimabot\" \/>\n<meta property=\"article:publisher\" content=\"https:\/\/www.facebook.com\/profile.php?id=100054576573954&amp;mibextid=LQQJ4d\" \/>\n<meta property=\"article:modified_time\" content=\"2023-02-25T22:17:33+00:00\" \/>\n<meta name=\"twitter:card\" content=\"summary_large_image\" \/>\n<script type=\"application\/ld+json\" class=\"yoast-schema-graph\">{\"@context\":\"https:\/\/schema.org\",\"@graph\":[{\"@type\":\"WebPage\",\"@id\":\"https:\/\/dimabot.com\/index.php\/livraison\/\",\"url\":\"https:\/\/dimabot.com\/index.php\/livraison\/\",\"name\":\"Livraison - dimabot\",\"isPartOf\":{\"@id\":\"https:\/\/dimabot.com\/#website\"},\"datePublished\":\"2023-02-25T21:18:06+00:00\",\"dateModified\":\"2023-02-25T22:17:33+00:00\",\"breadcrumb\":{\"@id\":\"https:\/\/dimabot.com\/index.php\/livraison\/#breadcrumb\"},\"inLanguage\":\"fr-FR\",\"potentialAction\":[{\"@type\":\"ReadAction\",\"target\":[\"https:\/\/dimabot.com\/index.php\/livraison\/\"]}]},{\"@type\":\"BreadcrumbList\",\"@id\":\"https:\/\/dimabot.com\/index.php\/livraison\/#breadcrumb\",\"itemListElement\":[{\"@type\":\"ListItem\",\"position\":1,\"name\":\"Accueil\",\"item\":\"https:\/\/dimabot.com\/\"},{\"@type\":\"ListItem\",\"position\":2,\"name\":\"Livraison\"}]},{\"@type\":\"WebSite\",\"@id\":\"https:\/\/dimabot.com\/#website\",\"url\":\"https:\/\/dimabot.com\/\",\"name\":\"dimabot\",\"description\":\"\",\"publisher\":{\"@id\":\"https:\/\/dimabot.com\/#organization\"},\"potentialAction\":[{\"@type\":\"SearchAction\",\"target\":{\"@type\":\"EntryPoint\",\"urlTemplate\":\"https:\/\/dimabot.com\/?s={search_term_string}\"},\"query-input\":{\"@type\":\"PropertyValueSpecification\",\"valueRequired\":true,\"valueName\":\"search_term_string\"}}],\"inLanguage\":\"fr-FR\"},{\"@type\":\"Organization\",\"@id\":\"https:\/\/dimabot.com\/#organization\",\"name\":\"dimabot\",\"url\":\"https:\/\/dimabot.com\/\",\"logo\":{\"@type\":\"ImageObject\",\"inLanguage\":\"fr-FR\",\"@id\":\"https:\/\/dimabot.com\/#\/schema\/logo\/image\/\",\"url\":\"https:\/\/dimabot.com\/wp-content\/uploads\/2023\/01\/cropped-logo-dimabot-small-1.png\",\"contentUrl\":\"https:\/\/dimabot.com\/wp-content\/uploads\/2023\/01\/cropped-logo-dimabot-small-1.png\",\"width\":327,\"height\":61,\"caption\":\"dimabot\"},\"image\":{\"@id\":\"https:\/\/dimabot.com\/#\/schema\/logo\/image\/\"},\"sameAs\":[\"https:\/\/www.facebook.com\/profile.php?id=100054576573954&mibextid=LQQJ4d\"]}]}<\/script>\n<!-- \/ Yoast SEO plugin. -->","yoast_head_json":{"title":"Livraison - dimabot","robots":{"index":"index","follow":"follow","max-snippet":"max-snippet:-1","max-image-preview":"max-image-preview:large","max-video-preview":"max-video-preview:-1"},"canonical":"https:\/\/dimabot.com\/index.php\/livraison\/","og_locale":"fr_FR","og_type":"article","og_title":"Livraison - dimabot","og_description":"L&#8217;ensemble des produits pr\u00e9sents sur le site Dimabot Maroc sont en stock en permanence, ce qui permet de vous offrir la possibilit\u00e9 de vous livrer dans 24H voire maximum 48H pour toute commande pass\u00e9e avant 13h00. Frais de livraison Pour toute commande au Maroc, la livraison partout au Maroc est offerte quel que soit le [&hellip;]","og_url":"https:\/\/dimabot.com\/index.php\/livraison\/","og_site_name":"dimabot","article_publisher":"https:\/\/www.facebook.com\/profile.php?id=100054576573954&mibextid=LQQJ4d","article_modified_time":"2023-02-25T22:17:33+00:00","twitter_card":"summary_large_image","schema":{"@context":"https:\/\/schema.org","@graph":[{"@type":"WebPage","@id":"https:\/\/dimabot.com\/index.php\/livraison\/","url":"https:\/\/dimabot.com\/index.php\/livraison\/","name":"Livraison - dimabot","isPartOf":{"@id":"https:\/\/dimabot.com\/#website"},"datePublished":"2023-02-25T21:18:06+00:00","dateModified":"2023-02-25T22:17:33+00:00","breadcrumb":{"@id":"https:\/\/dimabot.com\/index.php\/livraison\/#breadcrumb"},"inLanguage":"fr-FR","potentialAction":[{"@type":"ReadAction","target":["https:\/\/dimabot.com\/index.php\/livraison\/"]}]},{"@type":"BreadcrumbList","@id":"https:\/\/dimabot.com\/index.php\/livraison\/#breadcrumb","itemListElement":[{"@type":"ListItem","position":1,"name":"Accueil","item":"https:\/\/dimabot.com\/"},{"@type":"ListItem","position":2,"name":"Livraison"}]},{"@type":"WebSite","@id":"https:\/\/dimabot.com\/#website","url":"https:\/\/dimabot.com\/","name":"dimabot","description":"","publisher":{"@id":"https:\/\/dimabot.com\/#organization"},"potentialAction":[{"@type":"SearchAction","target":{"@type":"EntryPoint","urlTemplate":"https:\/\/dimabot.com\/?s={search_term_string}"},"query-input":{"@type":"PropertyValueSpecification","valueRequired":true,"valueName":"search_term_string"}}],"inLanguage":"fr-FR"},{"@type":"Organization","@id":"https:\/\/dimabot.com\/#organization","name":"dimabot","url":"https:\/\/dimabot.com\/","logo":{"@type":"ImageObject","inLanguage":"fr-FR","@id":"https:\/\/dimabot.com\/#\/schema\/logo\/image\/","url":"https:\/\/dimabot.com\/wp-content\/uploads\/2023\/01\/cropped-logo-dimabot-small-1.png","contentUrl":"https:\/\/dimabot.com\/wp-content\/uploads\/2023\/01\/cropped-logo-dimabot-small-1.png","width":327,"height":61,"caption":"dimabot"},"image":{"@id":"https:\/\/dimabot.com\/#\/schema\/logo\/image\/"},"sameAs":["https:\/\/www.facebook.com\/profile.php?id=100054576573954&mibextid=LQQJ4d"]}]}},"jetpack_sharing_enabled":true,"_links":{"self":[{"href":"https:\/\/dimabot.com\/index.php\/wp-json\/wp\/v2\/pages\/401"}],"collection":[{"href":"https:\/\/dimabot.com\/index.php\/wp-json\/wp\/v2\/pages"}],"about":[{"href":"https:\/\/dimabot.com\/index.php\/wp-json\/wp\/v2\/types\/page"}],"author":[{"embeddable":true,"href":"https:\/\/dimabot.com\/index.php\/wp-json\/wp\/v2\/users\/1"}],"replies":[{"embeddable":true,"href":"https:\/\/dimabot.com\/index.php\/wp-json\/wp\/v2\/comments?post=401"}],"version-history":[{"count":2,"href":"https:\/\/dimabot.com\/index.php\/wp-json\/wp\/v2\/pages\/401\/revisions"}],"predecessor-version":[{"id":418,"href":"https:\/\/dimabot.com\/index.php\/wp-json\/wp\/v2\/pages\/401\/revisions\/418"}],"wp:attachment":[{"href":"https:\/\/dimabot.com\/index.php\/wp-json\/wp\/v2\/media?parent=401"}],"curies":[{"name":"wp","href":"https:\/\/api.w.org\/{rel}","templated":true}]}}