{"id":413,"date":"2023-02-25T22:04:23","date_gmt":"2023-02-25T22:04:23","guid":{"rendered":"https:\/\/dimabot.com\/?page_id=413"},"modified":"2023-02-25T22:46:54","modified_gmt":"2023-02-25T22:46:54","slug":"garantie","status":"publish","type":"page","link":"https:\/\/dimabot.com\/index.php\/garantie\/","title":{"rendered":"Garantie"},"content":{"rendered":"\n<p><strong>QU&#8217;EST-CE QUI EST COUVERT\u00a0?<\/strong><br>\u2022 Votre appareil Dimabot b\u00e9n\u00e9ficie d&#8217;une <strong>garantie d&#8217;1<\/strong> <strong>an<\/strong> pour les d\u00e9fauts de mat\u00e9riel et de fabrication s&#8217;il est utilis\u00e9 dans les m\u00e9nages priv\u00e9s conform\u00e9ment au mode d&#8217;emploi Dimabot.<\/p>\n\n\n\n<p>\u2022 Cette garantie vous fournit, sans frais suppl\u00e9mentaires, toute la main-d&#8217;\u0153uvre et les pi\u00e8ces n\u00e9cessaires pour vous assurer que votre machine est en bon \u00e9tat de fonctionnement pendant la p\u00e9riode de garantie.<\/p>\n\n\n\n<p>\u2022 Pour les demandes de garantie li\u00e9es \u00e0 la qualit\u00e9, les pi\u00e8ces seront remplac\u00e9es par des pi\u00e8ces remises \u00e0 neuf disponibles en valeur \u00e9gale. Ces pi\u00e8ces sont minutieusement v\u00e9rifi\u00e9es et r\u00e9vis\u00e9es. Sinon, de nouvelles pi\u00e8ces seront exp\u00e9di\u00e9es.<\/p>\n\n\n\n<p><strong>QU&#8217;EST-CE QUI N&#8217;EST PAS COUVERT\u00a0?<\/strong><br>Dimabot n&#8217;est pas responsable des frais, dommages ou r\u00e9parations caus\u00e9s par :<\/p>\n\n\n\n<p>\u2022 Machines achet\u00e9es aupr\u00e8s d&#8217;un revendeur non agr\u00e9\u00e9.<\/p>\n\n\n\n<p>\u2022 Utilisation ou manipulation imprudente, mauvaise utilisation, abus et\/ou manque d&#8217;entretien ou utilisation non conforme aux instructions d&#8217;utilisation Dimabot.<\/p>\n\n\n\n<p>\u2022 Utilisation de la machine \u00e0 des fins autres que les fins domestiques normales, tels que des fins commerciales ou de location.<\/p>\n\n\n\n<p>\u2022 Utilisation de pi\u00e8ces non conformes au mode d&#8217;emploi Dimabot.<\/p>\n\n\n\n<p>\u2022 Utilisation d&#8217;autres pi\u00e8ces et accessoires non fabriqu\u00e9s ou recommand\u00e9s par Dimabot.<\/p>\n\n\n\n<p>\u2022 R\u00e9parations ou modifications effectu\u00e9es par des parties ou des agents non autoris\u00e9s.<\/p>\n\n\n\n<p>\u2022 L&#8217;usure normale, y compris les pi\u00e8ces d&#8217;usure normale telles que le bac transparent,  le filtre HEPA, les brosses et le cordon d&#8217;alimentation (ou qui sont diagnostiqu\u00e9s avec des dommages externes ou une mauvaise utilisation), des dommages au tapis ou au sol non conformes aux sp\u00e9cifications du fabricant.<\/p>\n\n\n\n<p>\u2022 R\u00e9duction du temps de d\u00e9charge de la batterie due au vieillissement ou \u00e0 l&#8217;utilisation de la batterie.<\/p>\n\n\n\n<p>LIMITES DE GARANTIE<br>\u2022 Toutes les garanties implicites, y compris, mais sans s&#8217;y limiter, les garanties de qualit\u00e9 marchande et d&#8217;ad\u00e9quation \u00e0 un usage particulier, li\u00e9es \u00e0 votre machine sont limit\u00e9es \u00e0 la dur\u00e9e de cette garantie.<\/p>\n\n\n\n<p>\u2022 La garantie s&#8217;applique uniquement au propri\u00e9taire d&#8217;origine et \u00e0 la batterie d&#8217;origine, elle ne peut pas \u00eatre transf\u00e9r\u00e9e.<\/p>\n\n\n\n<p><\/p>\n\n\n\n<p><strong>SERVICE DE GARANTIE<\/strong><br>\u2022 Veuillez ne pas h\u00e9siter  \u00e0 nous contacter via contact@dimabot.com, nous traiterons votre probl\u00e8me dans les plus brefs d\u00e9lais. Veuillez indiquer votre num\u00e9ro de commande , la date d&#8217;achat dans l&#8217;email afin que nous puissions trouver votre commande et mieux vous aider.<br>\u2022 Veuillez conserver votre confirmation d&#8217;achat, le num\u00e9ro de commande, etc. dans un endroit s\u00fbr pour vous assurer que vous disposez de ces informations.<br>\u2022 Tous les travaux sont ex\u00e9cut\u00e9s par Dimabot ou son agence agr\u00e9\u00e9e. Toutes les pi\u00e8ces d\u00e9fectueuses remplac\u00e9es deviennent la propri\u00e9t\u00e9 de Dimabot.<br>\u2022 Le service sous cette garantie ne prolonge pas la p\u00e9riode de cette garantie.<\/p>\n","protected":false},"excerpt":{"rendered":"<p>QU&#8217;EST-CE QUI EST COUVERT\u00a0?\u2022 Votre appareil Dimabot b\u00e9n\u00e9ficie d&#8217;une garantie d&#8217;1 an pour les d\u00e9fauts de mat\u00e9riel et de fabrication s&#8217;il est utilis\u00e9 dans les m\u00e9nages priv\u00e9s conform\u00e9ment au mode d&#8217;emploi Dimabot. \u2022 Cette garantie vous fournit, sans frais suppl\u00e9mentaires, toute la main-d&#8217;\u0153uvre et les pi\u00e8ces n\u00e9cessaires pour vous assurer que votre machine est en [&hellip;]<\/p>\n","protected":false},"author":1,"featured_media":0,"parent":0,"menu_order":0,"comment_status":"closed","ping_status":"closed","template":"","meta":{"footnotes":""},"yoast_head":"<!-- This site is optimized with the Yoast SEO plugin v23.5 - https:\/\/yoast.com\/wordpress\/plugins\/seo\/ -->\n<title>Garantie - dimabot<\/title>\n<meta name=\"robots\" content=\"index, follow, max-snippet:-1, max-image-preview:large, max-video-preview:-1\" \/>\n<link rel=\"canonical\" href=\"https:\/\/dimabot.com\/index.php\/garantie\/\" \/>\n<meta property=\"og:locale\" content=\"fr_FR\" \/>\n<meta property=\"og:type\" content=\"article\" \/>\n<meta property=\"og:title\" content=\"Garantie - dimabot\" \/>\n<meta property=\"og:description\" content=\"QU&#8217;EST-CE QUI EST COUVERT\u00a0?\u2022 Votre appareil Dimabot b\u00e9n\u00e9ficie d&#8217;une garantie d&#8217;1 an pour les d\u00e9fauts de mat\u00e9riel et de fabrication s&#8217;il est utilis\u00e9 dans les m\u00e9nages priv\u00e9s conform\u00e9ment au mode d&#8217;emploi Dimabot. \u2022 Cette garantie vous fournit, sans frais suppl\u00e9mentaires, toute la main-d&#8217;\u0153uvre et les pi\u00e8ces n\u00e9cessaires pour vous assurer que votre machine est en [&hellip;]\" \/>\n<meta property=\"og:url\" content=\"https:\/\/dimabot.com\/index.php\/garantie\/\" \/>\n<meta property=\"og:site_name\" content=\"dimabot\" \/>\n<meta property=\"article:publisher\" content=\"https:\/\/www.facebook.com\/profile.php?id=100054576573954&amp;mibextid=LQQJ4d\" \/>\n<meta property=\"article:modified_time\" content=\"2023-02-25T22:46:54+00:00\" \/>\n<meta name=\"twitter:card\" content=\"summary_large_image\" \/>\n<meta name=\"twitter:label1\" content=\"Dur\u00e9e de lecture estim\u00e9e\" \/>\n\t<meta name=\"twitter:data1\" content=\"2 minutes\" \/>\n<script type=\"application\/ld+json\" class=\"yoast-schema-graph\">{\"@context\":\"https:\/\/schema.org\",\"@graph\":[{\"@type\":\"WebPage\",\"@id\":\"https:\/\/dimabot.com\/index.php\/garantie\/\",\"url\":\"https:\/\/dimabot.com\/index.php\/garantie\/\",\"name\":\"Garantie - dimabot\",\"isPartOf\":{\"@id\":\"https:\/\/dimabot.com\/#website\"},\"datePublished\":\"2023-02-25T22:04:23+00:00\",\"dateModified\":\"2023-02-25T22:46:54+00:00\",\"breadcrumb\":{\"@id\":\"https:\/\/dimabot.com\/index.php\/garantie\/#breadcrumb\"},\"inLanguage\":\"fr-FR\",\"potentialAction\":[{\"@type\":\"ReadAction\",\"target\":[\"https:\/\/dimabot.com\/index.php\/garantie\/\"]}]},{\"@type\":\"BreadcrumbList\",\"@id\":\"https:\/\/dimabot.com\/index.php\/garantie\/#breadcrumb\",\"itemListElement\":[{\"@type\":\"ListItem\",\"position\":1,\"name\":\"Accueil\",\"item\":\"https:\/\/dimabot.com\/\"},{\"@type\":\"ListItem\",\"position\":2,\"name\":\"Garantie\"}]},{\"@type\":\"WebSite\",\"@id\":\"https:\/\/dimabot.com\/#website\",\"url\":\"https:\/\/dimabot.com\/\",\"name\":\"dimabot\",\"description\":\"\",\"publisher\":{\"@id\":\"https:\/\/dimabot.com\/#organization\"},\"potentialAction\":[{\"@type\":\"SearchAction\",\"target\":{\"@type\":\"EntryPoint\",\"urlTemplate\":\"https:\/\/dimabot.com\/?s={search_term_string}\"},\"query-input\":{\"@type\":\"PropertyValueSpecification\",\"valueRequired\":true,\"valueName\":\"search_term_string\"}}],\"inLanguage\":\"fr-FR\"},{\"@type\":\"Organization\",\"@id\":\"https:\/\/dimabot.com\/#organization\",\"name\":\"dimabot\",\"url\":\"https:\/\/dimabot.com\/\",\"logo\":{\"@type\":\"ImageObject\",\"inLanguage\":\"fr-FR\",\"@id\":\"https:\/\/dimabot.com\/#\/schema\/logo\/image\/\",\"url\":\"https:\/\/dimabot.com\/wp-content\/uploads\/2023\/01\/cropped-logo-dimabot-small-1.png\",\"contentUrl\":\"https:\/\/dimabot.com\/wp-content\/uploads\/2023\/01\/cropped-logo-dimabot-small-1.png\",\"width\":327,\"height\":61,\"caption\":\"dimabot\"},\"image\":{\"@id\":\"https:\/\/dimabot.com\/#\/schema\/logo\/image\/\"},\"sameAs\":[\"https:\/\/www.facebook.com\/profile.php?id=100054576573954&mibextid=LQQJ4d\"]}]}<\/script>\n<!-- \/ Yoast SEO plugin. -->","yoast_head_json":{"title":"Garantie - dimabot","robots":{"index":"index","follow":"follow","max-snippet":"max-snippet:-1","max-image-preview":"max-image-preview:large","max-video-preview":"max-video-preview:-1"},"canonical":"https:\/\/dimabot.com\/index.php\/garantie\/","og_locale":"fr_FR","og_type":"article","og_title":"Garantie - dimabot","og_description":"QU&#8217;EST-CE QUI EST COUVERT\u00a0?\u2022 Votre appareil Dimabot b\u00e9n\u00e9ficie d&#8217;une garantie d&#8217;1 an pour les d\u00e9fauts de mat\u00e9riel et de fabrication s&#8217;il est utilis\u00e9 dans les m\u00e9nages priv\u00e9s conform\u00e9ment au mode d&#8217;emploi Dimabot. \u2022 Cette garantie vous fournit, sans frais suppl\u00e9mentaires, toute la main-d&#8217;\u0153uvre et les pi\u00e8ces n\u00e9cessaires pour vous assurer que votre machine est en [&hellip;]","og_url":"https:\/\/dimabot.com\/index.php\/garantie\/","og_site_name":"dimabot","article_publisher":"https:\/\/www.facebook.com\/profile.php?id=100054576573954&mibextid=LQQJ4d","article_modified_time":"2023-02-25T22:46:54+00:00","twitter_card":"summary_large_image","twitter_misc":{"Dur\u00e9e de lecture estim\u00e9e":"2 minutes"},"schema":{"@context":"https:\/\/schema.org","@graph":[{"@type":"WebPage","@id":"https:\/\/dimabot.com\/index.php\/garantie\/","url":"https:\/\/dimabot.com\/index.php\/garantie\/","name":"Garantie - dimabot","isPartOf":{"@id":"https:\/\/dimabot.com\/#website"},"datePublished":"2023-02-25T22:04:23+00:00","dateModified":"2023-02-25T22:46:54+00:00","breadcrumb":{"@id":"https:\/\/dimabot.com\/index.php\/garantie\/#breadcrumb"},"inLanguage":"fr-FR","potentialAction":[{"@type":"ReadAction","target":["https:\/\/dimabot.com\/index.php\/garantie\/"]}]},{"@type":"BreadcrumbList","@id":"https:\/\/dimabot.com\/index.php\/garantie\/#breadcrumb","itemListElement":[{"@type":"ListItem","position":1,"name":"Accueil","item":"https:\/\/dimabot.com\/"},{"@type":"ListItem","position":2,"name":"Garantie"}]},{"@type":"WebSite","@id":"https:\/\/dimabot.com\/#website","url":"https:\/\/dimabot.com\/","name":"dimabot","description":"","publisher":{"@id":"https:\/\/dimabot.com\/#organization"},"potentialAction":[{"@type":"SearchAction","target":{"@type":"EntryPoint","urlTemplate":"https:\/\/dimabot.com\/?s={search_term_string}"},"query-input":{"@type":"PropertyValueSpecification","valueRequired":true,"valueName":"search_term_string"}}],"inLanguage":"fr-FR"},{"@type":"Organization","@id":"https:\/\/dimabot.com\/#organization","name":"dimabot","url":"https:\/\/dimabot.com\/","logo":{"@type":"ImageObject","inLanguage":"fr-FR","@id":"https:\/\/dimabot.com\/#\/schema\/logo\/image\/","url":"https:\/\/dimabot.com\/wp-content\/uploads\/2023\/01\/cropped-logo-dimabot-small-1.png","contentUrl":"https:\/\/dimabot.com\/wp-content\/uploads\/2023\/01\/cropped-logo-dimabot-small-1.png","width":327,"height":61,"caption":"dimabot"},"image":{"@id":"https:\/\/dimabot.com\/#\/schema\/logo\/image\/"},"sameAs":["https:\/\/www.facebook.com\/profile.php?id=100054576573954&mibextid=LQQJ4d"]}]}},"jetpack_sharing_enabled":true,"_links":{"self":[{"href":"https:\/\/dimabot.com\/index.php\/wp-json\/wp\/v2\/pages\/413"}],"collection":[{"href":"https:\/\/dimabot.com\/index.php\/wp-json\/wp\/v2\/pages"}],"about":[{"href":"https:\/\/dimabot.com\/index.php\/wp-json\/wp\/v2\/types\/page"}],"author":[{"embeddable":true,"href":"https:\/\/dimabot.com\/index.php\/wp-json\/wp\/v2\/users\/1"}],"replies":[{"embeddable":true,"href":"https:\/\/dimabot.com\/index.php\/wp-json\/wp\/v2\/comments?post=413"}],"version-history":[{"count":2,"href":"https:\/\/dimabot.com\/index.php\/wp-json\/wp\/v2\/pages\/413\/revisions"}],"predecessor-version":[{"id":416,"href":"https:\/\/dimabot.com\/index.php\/wp-json\/wp\/v2\/pages\/413\/revisions\/416"}],"wp:attachment":[{"href":"https:\/\/dimabot.com\/index.php\/wp-json\/wp\/v2\/media?parent=413"}],"curies":[{"name":"wp","href":"https:\/\/api.w.org\/{rel}","templated":true}]}}